{"id":933,"date":"2017-09-28T13:18:23","date_gmt":"2017-09-28T11:18:23","guid":{"rendered":"https:\/\/funclimb.pl\/?page_id=933"},"modified":"2025-12-03T22:54:14","modified_gmt":"2025-12-03T21:54:14","slug":"welcome-2","status":"publish","type":"page","link":"https:\/\/funclimb.pl\/","title":{"rendered":"Welcome"},"content":{"rendered":"\n<style type=\"text\/css\" data-created_by=\"avia_inline_auto\" id=\"style-css-av-3mw95h-188289865ece5cf3d7b2d7cb41f233ff\">\n.avia-section.av-3mw95h-188289865ece5cf3d7b2d7cb41f233ff{\nbackground-color:#ffffff;\nbackground-repeat:no-repeat;\nbackground-image:url(https:\/\/funclimb.pl\/wp-content\/uploads\/2016\/02\/start_background1b.jpg);\nbackground-position:50% 0%;\nbackground-attachment:fixed;\n}\n<\/style>\n<div id='av_section_1'  class='avia-section av-3mw95h-188289865ece5cf3d7b2d7cb41f233ff main_color avia-section-default avia-no-border-styling  avia-builder-el-0  avia-builder-el-no-sibling  avia-full-stretch avia-bg-style-fixed av-minimum-height av-minimum-height-100  container_wrap fullsize'  data-section-bg-repeat='stretch' data-av_minimum_height_pc='100'><div class='container av-section-cont-open' ><main  role=\"main\" itemprop=\"mainContentOfPage\"  class='template-page content  av-content-full alpha units'><div class='post-entry post-entry-type-page post-entry-933'><div class='entry-content-wrapper clearfix'>\n\n<style type=\"text\/css\" data-created_by=\"avia_inline_auto\" id=\"style-css-av-3bt53h-536265524bd918e63e0e6e24594c5466\">\n#top .hr.hr-invisible.av-3bt53h-536265524bd918e63e0e6e24594c5466{\nmargin-top:-60px;\nheight:1px;\n}\n<\/style>\n<div  class='hr av-3bt53h-536265524bd918e63e0e6e24594c5466 hr-invisible  avia-builder-el-1  el_before_av_image  avia-builder-el-first '><span class='hr-inner '><span class=\"hr-inner-style\"><\/span><\/span><\/div>\n\n<style type=\"text\/css\" data-created_by=\"avia_inline_auto\" id=\"style-css-av-38z8vx-4039af2b62a8f608122c27b5514fcc95\">\n.avia-image-container.av-38z8vx-4039af2b62a8f608122c27b5514fcc95 .av-image-caption-overlay-center{\ncolor:#ffffff;\n}\n<\/style>\n<div  class='avia-image-container av-38z8vx-4039af2b62a8f608122c27b5514fcc95 av-styling-no-styling avia-align-center  avia-builder-el-2  el_after_av_hr  el_before_av_image '  itemprop=\"image\" itemscope=\"itemscope\" itemtype=\"https:\/\/schema.org\/ImageObject\" ><div class=\"avia-image-container-inner\"><div class=\"avia-image-overlay-wrap\"><img class='wp-image-1052 avia-img-lazy-loading-not-1052 avia_image' src='https:\/\/funclimb.pl\/wp-content\/uploads\/2017\/09\/FC_kostka_S.png' alt='' title='FC_kostka_S'  height=\"207\" width=\"210\"  itemprop=\"thumbnailUrl\"  \/><\/div><\/div><\/div>\n\n<style type=\"text\/css\" data-created_by=\"avia_inline_auto\" id=\"style-css-av-38z8vx-651a0e9ec124b5cd7715fe057ffb2b47\">\n.avia-image-container.av-38z8vx-651a0e9ec124b5cd7715fe057ffb2b47 .av-image-caption-overlay-center{\ncolor:#ffffff;\n}\n<\/style>\n<div  class='avia-image-container av-38z8vx-651a0e9ec124b5cd7715fe057ffb2b47 av-styling-no-styling avia-align-center  avia-builder-el-3  el_after_av_image  el_before_av_heading '  itemprop=\"image\" itemscope=\"itemscope\" itemtype=\"https:\/\/schema.org\/ImageObject\" ><div class=\"avia-image-container-inner\"><div class=\"avia-image-overlay-wrap\"><img class='wp-image-1129 avia-img-lazy-loading-not-1129 avia_image' src='https:\/\/funclimb.pl\/wp-content\/uploads\/2021\/09\/pokonaj_grawitacje-e1632222646802.png' alt='' title='pokonaj_grawitacje'  height=\"63\" width=\"600\"  itemprop=\"thumbnailUrl\"  \/><\/div><\/div><\/div>\n\n<style type=\"text\/css\" data-created_by=\"avia_inline_auto\" id=\"style-css-av-8uewt-bddbf0c6a3ea3e90cfeea8ad84086191\">\n#top .av-special-heading.av-8uewt-bddbf0c6a3ea3e90cfeea8ad84086191{\npadding-bottom:0px;\ncolor:#6639b7;\nfont-size:40px;\n}\nbody .av-special-heading.av-8uewt-bddbf0c6a3ea3e90cfeea8ad84086191 .av-special-heading-tag .heading-char{\nfont-size:25px;\n}\n#top #wrap_all .av-special-heading.av-8uewt-bddbf0c6a3ea3e90cfeea8ad84086191 .av-special-heading-tag{\nfont-size:40px;\n}\n.av-special-heading.av-8uewt-bddbf0c6a3ea3e90cfeea8ad84086191 .special-heading-inner-border{\nborder-color:#6639b7;\n}\n.av-special-heading.av-8uewt-bddbf0c6a3ea3e90cfeea8ad84086191 .av-subheading{\nfont-size:15px;\n}\n\n@media only screen and (min-width: 768px) and (max-width: 989px){ \n#top #wrap_all .av-special-heading.av-8uewt-bddbf0c6a3ea3e90cfeea8ad84086191 .av-special-heading-tag{\nfont-size:20px;\n}\n}\n\n@media only screen and (min-width: 480px) and (max-width: 767px){ \n#top #wrap_all .av-special-heading.av-8uewt-bddbf0c6a3ea3e90cfeea8ad84086191 .av-special-heading-tag{\nfont-size:20px;\n}\n}\n\n@media only screen and (max-width: 479px){ \n#top #wrap_all .av-special-heading.av-8uewt-bddbf0c6a3ea3e90cfeea8ad84086191 .av-special-heading-tag{\nfont-size:20px;\n}\n}\n<\/style>\n<div  class='av-special-heading av-8uewt-bddbf0c6a3ea3e90cfeea8ad84086191 av-special-heading-h3 custom-color-heading blockquote modern-quote modern-centered  avia-builder-el-4  el_after_av_image  el_before_av_one_full  av-inherit-size'><h3 class='av-special-heading-tag'  itemprop=\"headline\"  >Wybierz swoj\u0105 stref\u0119 wspinaczkow\u0105<\/h3><div class=\"special-heading-border\"><div class=\"special-heading-inner-border\"><\/div><\/div><\/div>\n<div class='flex_column_table av-2pbyp1-90d049cecc6419d3ff14303d92ad3a2d sc-av_one_full av-equal-height-column-flextable'>\n<style type=\"text\/css\" data-created_by=\"avia_inline_auto\" id=\"style-css-av-2pbyp1-90d049cecc6419d3ff14303d92ad3a2d\">\n.flex_column.av-2pbyp1-90d049cecc6419d3ff14303d92ad3a2d{\nborder-radius:0px 0px 0px 0px;\n-webkit-border-radius:0px 0px 0px 0px;\n-moz-border-radius:0px 0px 0px 0px;\n}\n<\/style>\n<div class='flex_column av-2pbyp1-90d049cecc6419d3ff14303d92ad3a2d av_one_full  avia-builder-el-5  el_after_av_heading  el_before_av_hr  first flex_column_table_cell av-equal-height-column av-align-middle av-zero-column-padding '   ><div   data-autoplay='false'  data-interval='5'  data-animation='slide'  class='avia-logo-element-container av-border-deactivate avia-logo-grid avia-content-slider avia-smallarrow-slider avia-content-grid-active noHover avia-content-slider1 avia-content-slider-odd  avia-builder-el-6  avia-builder-el-no-sibling  '><div class='avia-smallarrow-slider-heading  no-logo-slider-heading '><div class='new-special-heading'>&nbsp;<\/div><\/div><div class='avia-content-slider-inner'><div class='slide-entry-wrap' ><div  class='slide-entry flex_column no_margin post-entry slide-entry-overview slide-loop-1 slide-parity-odd  av_one_third first real-thumbnail'><a href=\"http:\/\/www.funclimb.pl\/warszawa\/\" data-rel='slide-1' class='slide-image' title='' ><img decoding=\"async\" width=\"260\" height=\"90\" src=\"https:\/\/funclimb.pl\/wp-content\/uploads\/2017\/09\/WARSZAWA_260.png\" class=\"wp-image-1051 avia-img-lazy-loading-not-1051 attachment-medium size-medium\" alt=\"\" \/><\/a><\/div><div  class='slide-entry flex_column no_margin post-entry slide-entry-overview slide-loop-2 slide-parity-even  av_one_third  real-thumbnail'><a href=\"https:\/\/funclimb.pl\/fc\/wroclaw\/\" data-rel='slide-1' class='slide-image' title='' ><img decoding=\"async\" width=\"260\" height=\"90\" src=\"https:\/\/funclimb.pl\/wp-content\/uploads\/2017\/09\/WROCLAW_260.png\" class=\"wp-image-1091 avia-img-lazy-loading-not-1091 attachment-medium size-medium\" alt=\"\" \/><\/a><\/div><div  class='slide-entry flex_column no_margin post-entry slide-entry-overview slide-loop-3 slide-parity-odd  av_one_third  real-thumbnail'><a href=\"https:\/\/funclimb.pl\/fc\/bydgoszcz\/\" data-rel='slide-1' class='slide-image' title='' ><img decoding=\"async\" width=\"260\" height=\"90\" src=\"https:\/\/funclimb.pl\/wp-content\/uploads\/2021\/09\/BYDGOSZCZ.png\" class=\"wp-image-1119 avia-img-lazy-loading-not-1119 attachment-medium size-medium\" alt=\"\" \/><\/a><\/div><\/div><div class='slide-entry-wrap' ><div  class='slide-entry flex_column no_margin post-entry slide-entry-overview slide-loop-4 slide-parity-odd  av_one_third first real-thumbnail'><a href=\"https:\/\/funclimb.pl\/fc\/julinek\/\" data-rel='slide-1' class='slide-image' title='' ><img decoding=\"async\" width=\"260\" height=\"90\" src=\"https:\/\/funclimb.pl\/wp-content\/uploads\/2021\/09\/JULINEK-1.png\" class=\"wp-image-1133 avia-img-lazy-loading-not-1133 attachment-medium size-medium\" alt=\"\" \/><\/a><\/div><div  class='slide-entry flex_column no_margin post-entry slide-entry-overview slide-loop-5 slide-parity-even  av_one_third  real-thumbnail'><a href=\"https:\/\/funclimb.pl\/fc\/kolobrzeg\/\" data-rel='slide-1' class='slide-image' title='' ><img decoding=\"async\" width=\"260\" height=\"90\" src=\"https:\/\/funclimb.pl\/wp-content\/uploads\/2021\/09\/KOLOBRZEG.png\" class=\"wp-image-1121 avia-img-lazy-loading-not-1121 attachment-medium size-medium\" alt=\"\" \/><\/a><\/div><div  class='slide-entry flex_column no_margin post-entry slide-entry-overview slide-loop-6 slide-parity-odd  av_one_third  real-thumbnail'><a href=\"https:\/\/funclimb.pl\/fc\/lublin-olimp\/\" data-rel='slide-1' class='slide-image' title='' ><img decoding=\"async\" width=\"260\" height=\"90\" src=\"https:\/\/funclimb.pl\/wp-content\/uploads\/2017\/09\/LUBLIN-OLIMP_260.png\" class=\"wp-image-1049 avia-img-lazy-loading-not-1049 attachment-medium size-medium\" alt=\"\" \/><\/a><\/div><\/div><div class='slide-entry-wrap' ><div  class='slide-entry flex_column no_margin post-entry slide-entry-overview slide-loop-7 slide-parity-odd  av_one_third first real-thumbnail'><a href=\"https:\/\/funclimb.pl\/fc\/lublin-felicity\/\" data-rel='slide-1' class='slide-image' title='' ><img decoding=\"async\" width=\"260\" height=\"90\" src=\"https:\/\/funclimb.pl\/wp-content\/uploads\/2017\/09\/LUBLIN-FELICITY_260.png\" class=\"wp-image-1048 avia-img-lazy-loading-not-1048 attachment-medium size-medium\" alt=\"\" \/><\/a><\/div><div  class='slide-entry flex_column no_margin post-entry slide-entry-overview slide-loop-8 slide-parity-even  av_one_third  real-thumbnail'><a href=\"https:\/\/funclimb.pl\/fc\/swinoujscie\/\" data-rel='slide-1' class='slide-image' title='' ><img decoding=\"async\" width=\"260\" height=\"90\" src=\"https:\/\/funclimb.pl\/wp-content\/uploads\/2017\/09\/SWINOUJSCIE_260.png\" class=\"wp-image-1092 avia-img-lazy-loading-not-1092 attachment-medium size-medium\" alt=\"\" \/><\/a><\/div><div  class='slide-entry flex_column no_margin post-entry slide-entry-overview slide-loop-9 slide-parity-odd  post-entry-last  av_one_third  real-thumbnail'><a href=\"https:\/\/www.funclimbapeldoorn.nl\/\" data-rel='slide-1' class='slide-image' title='' target=\"_blank\" rel=\"noopener noreferrer\"><img decoding=\"async\" width=\"260\" height=\"90\" src=\"https:\/\/funclimb.pl\/wp-content\/uploads\/2017\/09\/APELDOORN_260.png\" class=\"wp-image-1093 avia-img-lazy-loading-not-1093 attachment-medium size-medium\" alt=\"\" \/><\/a><\/div><\/div><\/div><\/div><\/div><\/div><!--close column table wrapper. Autoclose: 1 -->\n<style type=\"text\/css\" data-created_by=\"avia_inline_auto\" id=\"style-css-av-zafad-4388a0ea64784123e3ae33d4a0e8b736\">\n#top .hr.hr-invisible.av-zafad-4388a0ea64784123e3ae33d4a0e8b736{\nheight:10px;\n}\n<\/style>\n<div  class='hr av-zafad-4388a0ea64784123e3ae33d4a0e8b736 hr-invisible  avia-builder-el-7  el_after_av_one_full  el_before_av_image '><span class='hr-inner '><span class=\"hr-inner-style\"><\/span><\/span><\/div>\n\n<style type=\"text\/css\" data-created_by=\"avia_inline_auto\" id=\"style-css-av-q1r7h-6c1cb849ac7f3ffe70c7a7f296db0c92\">\n.avia-image-container.av-q1r7h-6c1cb849ac7f3ffe70c7a7f296db0c92 .av-image-caption-overlay-center{\ncolor:#ffffff;\n}\n<\/style>\n<div  class='avia-image-container av-q1r7h-6c1cb849ac7f3ffe70c7a7f296db0c92 av-styling-no-styling avia-align-center  avia-builder-el-8  el_after_av_hr  el_before_av_button '  itemprop=\"image\" itemscope=\"itemscope\" itemtype=\"https:\/\/schema.org\/ImageObject\" ><div class=\"avia-image-container-inner\"><div class=\"avia-image-overlay-wrap\"><img class='wp-image-1125 avia-img-lazy-loading-not-1125 avia_image' src='https:\/\/funclimb.pl\/wp-content\/uploads\/2021\/09\/funclimb_wersjapozioma_RGB-01-300x122.png' alt='' title='funclimb_wersjapozioma_RGB-01'  height=\"122\" width=\"300\"  itemprop=\"thumbnailUrl\"  \/><\/div><\/div><\/div>\n<div  class='avia-button-wrap avia-button-center  avia-builder-el-9  el_after_av_image  el_before_av_button ' >\n<style type=\"text\/css\" data-created_by=\"avia_inline_auto\" id=\"style-css-av-lttat-852e49e1a15e4db0528883cccc07297b\">\n#top #wrap_all .avia-button.av-lttat-852e49e1a15e4db0528883cccc07297b{\nbackground-color:#6639b7;\nborder-color:#6639b7;\ntransition:all 0.4s ease-in-out;\n-webkit-transition:all 0.4s ease-in-out;\n-moz-transition:all 0.4s ease-in-out;\n-ms-transition:all 0.4s ease-in-out;\n-o-transition:all 0.4s ease-in-out;\n}\n#top #wrap_all .avia-button.av-lttat-852e49e1a15e4db0528883cccc07297b:hover{\ncolor:#ffffff;\ntransition:all 0.4s ease-in-out;\n-webkit-transition:all 0.4s ease-in-out;\n-moz-transition:all 0.4s ease-in-out;\n-ms-transition:all 0.4s ease-in-out;\n-o-transition:all 0.4s ease-in-out;\n}\n<\/style>\n<a href='https:\/\/funclimb.pl\/warszawa\/dla-inwestorow\/'  class='avia-button av-lttat-852e49e1a15e4db0528883cccc07297b avia-icon_select-no avia-size-large avia-position-center avia-font-color-theme-color'  target=\"_blank\"  rel=\"noopener noreferrer\"><span class='avia_iconbox_title' >DLA INWESTOR\u00d3W<\/span><span class='avia_button_background avia-button avia-color-theme-color-highlight' ><\/span><\/a><\/div>\n<div  class='avia-button-wrap avia-button-center  avia-builder-el-10  el_after_av_button  el_before_av_hr ' ><a href='https:\/\/funclimb.pl\/warszawa\/for-investors\/'  class='avia-button av-fdvrh-07f800152ff39e5a54b4c4c1b9eab724 avia-icon_select-no avia-size-large avia-position-center avia-color-theme-color'  target=\"_blank\"  rel=\"noopener noreferrer\"><span class='avia_iconbox_title' > FOR INVESTORS <\/span><\/a><\/div>\n\n<style type=\"text\/css\" data-created_by=\"avia_inline_auto\" id=\"style-css-av-9yr2l-6009f8ba91c337997941a40a6065b69f\">\n#top .hr.hr-invisible.av-9yr2l-6009f8ba91c337997941a40a6065b69f{\nheight:20px;\n}\n<\/style>\n<div  class='hr av-9yr2l-6009f8ba91c337997941a40a6065b69f hr-invisible  avia-builder-el-11  el_after_av_button  avia-builder-el-last '><span class='hr-inner '><span class=\"hr-inner-style\"><\/span><\/span><\/div>\n\n","protected":false},"excerpt":{"rendered":"","protected":false},"author":3,"featured_media":0,"parent":0,"menu_order":0,"comment_status":"closed","ping_status":"closed","template":"template-blank.php","meta":{"footnotes":""},"class_list":["post-933","page","type-page","status-publish","hentry"],"_links":{"self":[{"href":"https:\/\/funclimb.pl\/index.php?rest_route=\/wp\/v2\/pages\/933","targetHints":{"allow":["GET"]}}],"collection":[{"href":"https:\/\/funclimb.pl\/index.php?rest_route=\/wp\/v2\/pages"}],"about":[{"href":"https:\/\/funclimb.pl\/index.php?rest_route=\/wp\/v2\/types\/page"}],"author":[{"embeddable":true,"href":"https:\/\/funclimb.pl\/index.php?rest_route=\/wp\/v2\/users\/3"}],"replies":[{"embeddable":true,"href":"https:\/\/funclimb.pl\/index.php?rest_route=%2Fwp%2Fv2%2Fcomments&post=933"}],"version-history":[{"count":104,"href":"https:\/\/funclimb.pl\/index.php?rest_route=\/wp\/v2\/pages\/933\/revisions"}],"predecessor-version":[{"id":1155,"href":"https:\/\/funclimb.pl\/index.php?rest_route=\/wp\/v2\/pages\/933\/revisions\/1155"}],"wp:attachment":[{"href":"https:\/\/funclimb.pl\/index.php?rest_route=%2Fwp%2Fv2%2Fmedia&parent=933"}],"curies":[{"name":"wp","href":"https:\/\/api.w.org\/{rel}","templated":true}]}}