{"id":1982,"date":"2021-09-21T20:03:16","date_gmt":"2021-09-21T18:03:16","guid":{"rendered":"https:\/\/funclimb.pl\/fc\/?page_id=1982"},"modified":"2022-06-06T11:59:16","modified_gmt":"2022-06-06T09:59:16","slug":"kolobrzeg","status":"publish","type":"page","link":"https:\/\/funclimb.pl\/fc\/kolobrzeg\/","title":{"rendered":"Ko\u0142obrzeg"},"content":{"rendered":"<div id='av-layout-grid-1'  class='av-layout-grid-container entry-content-wrapper header_color av-fixed-cells     avia-builder-el-0  el_before_av_layout_row  avia-builder-el-first  container_wrap sidebar_right' style=' '  >\n<div class=\"flex_cell no_margin av_two_third  avia-builder-el-1  el_before_av_cell_one_third  avia-builder-el-first   \"  style='height:5px; min-height:5px;vertical-align:top; padding:1px 0px 1px 30px ; background-color:#f8f8f8; ' ><div class='flex_cell_inner' ><section class=\"av_textblock_section \"  itemscope=\"itemscope\" itemtype=\"https:\/\/schema.org\/CreativeWork\" ><div class='avia_textblock  '  style='font-size:11px; '  itemprop=\"text\" ><p><a href=\"http:\/\/www.funclimb.pl\/\">ZNAJD\u0179 INN\u0104 LOKALIZACJ\u0118 FUN CLIMB<\/a><\/p>\n<\/div><\/section>\n<\/div><\/div><div class=\"flex_cell no_margin av_one_third  avia-builder-el-3  el_after_av_cell_two_third  avia-builder-el-last   \"  style='height:5px; min-height:5px;vertical-align:top; padding:0px 20px 1px 0px ; background-color:#f8f8f8; ' ><div class='flex_cell_inner' ><section class=\"av_textblock_section \"  itemscope=\"itemscope\" itemtype=\"https:\/\/schema.org\/CreativeWork\" ><div class='avia_textblock  '   itemprop=\"text\" ><p><span  class=\"av_font_icon avia_animate_when_visible avia-icon-animate  av-icon-style-  av-no-color avia-icon-pos-right \" style=\"\"><a href='https:\/\/www.youtube.com\/channel\/UCy_TRNF_gFkNT135FFmlkQw'   class='av-icon-char' style='font-size:16px;line-height:16px;' aria-hidden='true' data-av_icon='\ue921' data-av_iconfont='entypo-fontello' ><\/a><\/span><span  class=\"av_font_icon avia_animate_when_visible avia-icon-animate  av-icon-style-  av-no-color avia-icon-pos-right \" style=\"\"><a href='https:\/\/www.instagram.com\/fun_climb\/'   class='av-icon-char' style='font-size:16px;line-height:16px;' aria-hidden='true' data-av_icon='\ue909' data-av_iconfont='entypo-fontello' ><\/a><\/span><\/p>\n<\/div><\/section>\n<\/div><\/div>\n<\/div>\n<div id='av-layout-grid-2'  class='av-layout-grid-container entry-content-wrapper header_color av-fixed-cells     avia-builder-el-7  el_after_av_layout_row  el_before_av_fullscreen  submenu-not-first container_wrap sidebar_right' style=' '  >\n<div class=\"flex_cell no_margin av_one_full  avia-builder-el-8  avia-builder-el-no-sibling   \"  style='height:10px; min-height:10px;background: #ffffff; vertical-align:top; padding:0px 0px 0px 30px ; background-color:#ffffff; ' ><div class='flex_cell_inner' ><div  class='avia-image-container  av-styling-no-styling    avia-builder-el-9  avia-builder-el-no-sibling  avia-align-left '  itemprop=\"image\" itemscope=\"itemscope\" itemtype=\"https:\/\/schema.org\/ImageObject\"  ><div class='avia-image-container-inner'><div class='avia-image-overlay-wrap'><a href='https:\/\/funclimb.pl\/fc\/julinek\/' class='avia_image'  ><img decoding=\"async\" width=\"194\" height=\"70\" class='wp-image-1976 avia-img-lazy-loading-not-1976 avia_image' src=\"https:\/\/funclimb.pl\/fc\/wp-content\/uploads\/2021\/09\/logo_miasta_poziom_KOLOB_194.png\" alt='' title='logo_miasta_poziom_KOLOB_194'  itemprop=\"thumbnailUrl\"  \/><\/a><\/div><\/div><\/div>\n<\/div><\/div>\n<\/div>\n<div id='fullscreen_slider_1'  class='avia-fullscreen-slider main_color   avia-builder-el-10  el_after_av_layout_row  el_before_av_section   slider-not-first container_wrap sidebar_right' style=' '  ><a href='#next-section' title='' class='scroll-down-link av-control-minimal' aria-hidden='true' data-av_icon='\ue877' data-av_iconfont='entypo-fontello'><\/a><div   data-size='extra_large'  data-lightbox_size='large'  data-animation='fade'  data-conditional_play=''  data-ids='1984,1984'  data-video_counter='0'  data-autoplay='true'  data-bg_slider='true'  data-slide_height='100'  data-handle='av_fullscreen'  data-interval='6'  data-class=' '  data-el_id=''  data-css_id='fullscreen_slider_1'  data-scroll_down='aviaTBscroll_down'  data-control_layout='av-control-minimal'  data-custom_markup=''  data-perma_caption=''  data-autoplay_stopper=''  data-image_attachment=''  data-min_height='0px'  data-lazy_loading='disabled'  data-stretch=''  data-default-height='100'  class='avia-slideshow avia-slideshow-1 av-slider-scroll-down-active av-control-minimal av-default-height-applied avia-slideshow-extra_large av_fullscreen   avia-fade-slider '  itemprop=\"image\" itemscope=\"itemscope\" itemtype=\"https:\/\/schema.org\/ImageObject\" ><ul class='avia-slideshow-inner ' style='padding-bottom: 66.617320503331%;' ><li style='background-position:center center;' data-img-url='https:\/\/funclimb.pl\/fc\/wp-content\/uploads\/2021\/09\/Sciankawspinaczkowa_1.jpg' class=' slide-1 ' ><div data-rel='slideshow-1' class='avia-slide-wrap '   ><div class = \"caption_fullwidth av-slideshow-caption caption_center\"><div class = \"container caption_container\"><div class = \"slideshow_caption\"><div class = \"slideshow_inner_caption\"><div class = \"slideshow_align_caption\"><h2  style='font-size:80px; ' class='avia-caption-title  '  itemprop=\"name\" ><strong>Pokonaj<\/strong> grawitacj\u0119!<\/h2><\/div><\/div><\/div><\/div><\/div><div class='av-section-color-overlay' style='opacity: 0.1; background-color: #000000; '><\/div><\/div><\/li><li style='background-position:center center;' data-img-url='https:\/\/funclimb.pl\/fc\/wp-content\/uploads\/2021\/09\/Sciankawspinaczkowa_1.jpg' class=' slide-2 ' ><div data-rel='slideshow-1' class='avia-slide-wrap '   ><div class = \"caption_fullwidth av-slideshow-caption caption_center\"><div class = \"container caption_container\"><div class = \"slideshow_caption\"><div class = \"slideshow_inner_caption\"><div class = \"slideshow_align_caption\"><h2  style='font-size:80px; ' class='avia-caption-title  '  itemprop=\"name\" ><strong>\u015aWIETNA<\/strong> ZABAWA<\/h2><\/div><\/div><\/div><\/div><\/div><div class='av-section-color-overlay' style='opacity: 0.1; background-color: #000000; '><\/div><\/div><\/li><\/ul><div class='avia-slideshow-arrows avia-slideshow-controls'><a href='#prev' class='prev-slide' aria-hidden='true' data-av_icon='\ue87c' data-av_iconfont='entypo-fontello'>Previous<\/a><a href='#next' class='next-slide' aria-hidden='true' data-av_icon='\ue87d' data-av_iconfont='entypo-fontello'>Next<\/a><\/div><div class='avia-slideshow-dots avia-slideshow-controls'><a href='#1' class='goto-slide active' >1<\/a><a href='#2' class='goto-slide ' >2<\/a><\/div><\/div><\/div>\n<div id='av_section_1'  class='avia-section main_color avia-section-default avia-no-border-styling  av-parallax-section avia-bg-style-parallax  avia-builder-el-11  el_after_av_fullscreen  el_before_av_masonry_gallery   container_wrap sidebar_right' style=' '  data-section-bg-repeat='repeat'><div class='av-parallax' data-avia-parallax-ratio='0.3' ><div class='av-parallax-inner main_color ' style = 'background-repeat: repeat; background-image: url(https:\/\/funclimb.pl\/fc\/wp-content\/uploads\/2016\/02\/menu_bg.png);background-attachment: scroll; background-position: top center; ' ><\/div><\/div><div class='container' ><div class='template-page content  av-content-small alpha units'><div class='post-entry post-entry-type-page post-entry-1982'><div class='entry-content-wrapper clearfix'>\n<div class=\"flex_column av_one_half  flex_column_div av-zero-column-padding first  avia-builder-el-12  el_before_av_one_half  avia-builder-el-first  \" style='margin-top:5px; margin-bottom:5px; border-radius:0px; '><div  class='avia-image-container  av-styling-    avia-builder-el-13  avia-builder-el-no-sibling  avia-align-center '  itemprop=\"image\" itemscope=\"itemscope\" itemtype=\"https:\/\/schema.org\/ImageObject\"  ><div class='avia-image-container-inner'><div class='avia-image-overlay-wrap'><img decoding=\"async\" class='wp-image-1984 avia-img-lazy-loading-not-1984 avia_image' src=\"https:\/\/funclimb.pl\/fc\/wp-content\/uploads\/2021\/09\/Sciankawspinaczkowa_1-1030x686.jpg\" alt='' title='Sciankawspinaczkowa_1' height=\"686\" width=\"1030\"  itemprop=\"thumbnailUrl\" srcset=\"https:\/\/funclimb.pl\/fc\/wp-content\/uploads\/2021\/09\/Sciankawspinaczkowa_1-1030x686.jpg 1030w, https:\/\/funclimb.pl\/fc\/wp-content\/uploads\/2021\/09\/Sciankawspinaczkowa_1-300x200.jpg 300w, https:\/\/funclimb.pl\/fc\/wp-content\/uploads\/2021\/09\/Sciankawspinaczkowa_1-768x512.jpg 768w, https:\/\/funclimb.pl\/fc\/wp-content\/uploads\/2021\/09\/Sciankawspinaczkowa_1-705x470.jpg 705w, https:\/\/funclimb.pl\/fc\/wp-content\/uploads\/2021\/09\/Sciankawspinaczkowa_1.jpg 1351w\" sizes=\"(max-width: 1030px) 100vw, 1030px\" \/><\/div><\/div><\/div><\/div><div class=\"flex_column av_one_half  flex_column_div av-zero-column-padding   avia-builder-el-14  el_after_av_one_half  avia-builder-el-last  \" style='margin-top:5px; margin-bottom:5px; border-radius:0px; '><div  style='padding-bottom:20px; color:#6639b7;font-size:30px;' class='av-special-heading av-special-heading-h1 custom-color-heading blockquote modern-quote  avia-builder-el-15  el_before_av_textblock  avia-builder-el-first  av-inherit-size '><h1 class='av-special-heading-tag '  itemprop=\"headline\"  >Poznaj FUN CLIMB!<\/h1><div class='special-heading-border'><div class='special-heading-inner-border' style='border-color:#6639b7'><\/div><\/div><\/div><br \/>\n<section class=\"av_textblock_section \"  itemscope=\"itemscope\" itemtype=\"https:\/\/schema.org\/CreativeWork\" ><div class='avia_textblock  '  style='font-size:16px; '  itemprop=\"text\" ><section class=\"av_textblock_section\">\n<div class=\"avia_textblock \">\n<p>Strefa wspinaczkowa FUN CLIMB to sport, zabawa i niezapomniane prze\u017cycia.<\/p>\n<p>Je\u015bli szukasz miejsca na aktywne sp\u0119dzenie czasu z rodzin\u0105 lub przyjaci\u00f3\u0142mi, FUN CLIMB jest stworzony dla Ciebie!<\/p>\n<p>Znajdziesz tutaj wspinaczkowe przeszkody, z kt\u00f3rych ka\u017cda stanowi inne wyzwanie. Wspinaj si\u0119 po\u00a0kolei i\u00a0pokonaj je wszystkie! FUN CLIMB to\u00a0miejsce, kt\u00f3re pozwoli Ci wspi\u0105\u0107 si\u0119 na\u00a0wy\u017cyny w\u0142asnych mo\u017cliwo\u015bci i\u00a0pokona\u0107 grawitacj\u0119.<\/p>\n<p>W Ko\u0142obrzegu strefa Fun Climb obejmuje 7 pionowych tematycznych paneli z autoasekuracj\u0105, m.in. 2 tory do rywalizacji na czas oraz klocki, palmy i balony. Przyjd\u017a i wypr\u00f3buj je wszystkie!<\/p>\n<\/div>\n<\/section>\n<\/div><\/section><\/div>\n\n<div id='av-masonry-1' class='av-masonry  noHover av-fixed-size av-large-gap av-hover-overlay-active av-masonry-animation-active av-masonry-col-5 av-caption-always av-caption-style- av-masonry-gallery     ' style='background-color:#fafafa; ' ><div class='av-masonry-container isotope av-js-disabled ' ><div class='av-masonry-entry isotope-item av-masonry-item-no-image '><\/div><a href=\"https:\/\/funclimb.pl\/fc\/wp-content\/uploads\/2022\/06\/seasidepark-scianka-wspinaczkowa.jpg\"  aria-label=\"image seasidepark-scianka-wspinaczkowa\"  id='av-masonry-1-item-1996' data-av-masonry-item='1996' class='av-masonry-entry isotope-item post-1996 attachment type-attachment status-inherit hentry  av-masonry-item-with-image' title=\"seasidepark-scianka-wspinaczkowa\" alt=\"\"   itemprop=\"thumbnailUrl\" ><div class='av-inner-masonry-sizer'><\/div><figure class='av-inner-masonry main_color'><div class=\"av-masonry-outerimage-container\"><div class=\"av-masonry-image-container\" style=\"background-image: url(https:\/\/funclimb.pl\/fc\/wp-content\/uploads\/2022\/06\/seasidepark-scianka-wspinaczkowa-705x399.jpg);\" title=\"seasidepark-scianka-wspinaczkowa\" ><\/div><\/div><\/figure><\/a><!--end av-masonry entry--><a href=\"https:\/\/funclimb.pl\/fc\/wp-content\/uploads\/2022\/06\/CB649E16-4A82-453A-AA6F-52B92803A972-773x1030.jpeg\"  aria-label=\"image CB649E16-4A82-453A-AA6F-52B92803A972\"  id='av-masonry-1-item-1997' data-av-masonry-item='1997' class='av-masonry-entry isotope-item post-1997 attachment type-attachment status-inherit hentry  av-masonry-item-with-image' title=\"CB649E16-4A82-453A-AA6F-52B92803A972\" alt=\"\"   itemprop=\"thumbnailUrl\" ><div class='av-inner-masonry-sizer'><\/div><figure class='av-inner-masonry main_color'><div class=\"av-masonry-outerimage-container\"><div class=\"av-masonry-image-container\" style=\"background-image: url(https:\/\/funclimb.pl\/fc\/wp-content\/uploads\/2022\/06\/CB649E16-4A82-453A-AA6F-52B92803A972-529x705.jpeg);\" title=\"CB649E16-4A82-453A-AA6F-52B92803A972\" ><\/div><\/div><\/figure><\/a><!--end av-masonry entry--><a href=\"https:\/\/funclimb.pl\/fc\/wp-content\/uploads\/2022\/06\/267650426.jpg\"  aria-label=\"image 267650426\"  id='av-masonry-1-item-1998' data-av-masonry-item='1998' class='av-masonry-entry isotope-item post-1998 attachment type-attachment status-inherit hentry  av-masonry-item-with-image' title=\"267650426\" alt=\"\"   itemprop=\"thumbnailUrl\" ><div class='av-inner-masonry-sizer'><\/div><figure class='av-inner-masonry main_color'><div class=\"av-masonry-outerimage-container\"><div class=\"av-masonry-image-container\" style=\"background-image: url(https:\/\/funclimb.pl\/fc\/wp-content\/uploads\/2022\/06\/267650426-470x705.jpg);\" title=\"267650426\" ><\/div><\/div><\/figure><\/a><!--end av-masonry entry--><a href=\"https:\/\/funclimb.pl\/fc\/wp-content\/uploads\/2022\/06\/848-bb0e2614ed19e6fb0be97113cb35e152.jpg\"  aria-label=\"image 848-bb0e2614ed19e6fb0be97113cb35e152\"  id='av-masonry-1-item-1999' data-av-masonry-item='1999' class='av-masonry-entry isotope-item post-1999 attachment type-attachment status-inherit hentry  av-masonry-item-with-image' title=\"848-bb0e2614ed19e6fb0be97113cb35e152\" alt=\"\"   itemprop=\"thumbnailUrl\" ><div class='av-inner-masonry-sizer'><\/div><figure class='av-inner-masonry main_color'><div class=\"av-masonry-outerimage-container\"><div class=\"av-masonry-image-container\" style=\"background-image: url(https:\/\/funclimb.pl\/fc\/wp-content\/uploads\/2022\/06\/848-bb0e2614ed19e6fb0be97113cb35e152-705x470.jpg);\" title=\"848-bb0e2614ed19e6fb0be97113cb35e152\" ><\/div><\/div><\/figure><\/a><!--end av-masonry entry--><a href=\"https:\/\/funclimb.pl\/fc\/wp-content\/uploads\/2022\/06\/Sciankawspinaczkowa_1-1030x686.jpg\"  aria-label=\"image Sciankawspinaczkowa_1\"  id='av-masonry-1-item-2000' data-av-masonry-item='2000' class='av-masonry-entry isotope-item post-2000 attachment type-attachment status-inherit hentry  av-masonry-item-with-image' title=\"Sciankawspinaczkowa_1\" alt=\"\"   itemprop=\"thumbnailUrl\" ><div class='av-inner-masonry-sizer'><\/div><figure class='av-inner-masonry main_color'><div class=\"av-masonry-outerimage-container\"><div class=\"av-masonry-image-container\" style=\"background-image: url(https:\/\/funclimb.pl\/fc\/wp-content\/uploads\/2022\/06\/Sciankawspinaczkowa_1-705x470.jpg);\" title=\"Sciankawspinaczkowa_1\" ><\/div><\/div><\/figure><\/a><!--end av-masonry entry--><\/div><\/div>\n<div id='av_section_2'  class='avia-section main_color avia-section-default avia-no-border-styling  av-parallax-section avia-bg-style-parallax  avia-builder-el-18  el_after_av_masonry_gallery  el_before_av_section   container_wrap sidebar_right' style=' '  data-section-bg-repeat='repeat'><div class='av-parallax' data-avia-parallax-ratio='0.3' ><div class='av-parallax-inner main_color ' style = 'background-repeat: repeat; background-image: url(https:\/\/funclimb.pl\/fc\/wp-content\/uploads\/2016\/02\/menu_bg.png);background-attachment: scroll; background-position: top center; ' ><\/div><\/div><div class='container' ><div class='template-page content  av-content-small alpha units'><div class='post-entry post-entry-type-page post-entry-1982'><div class='entry-content-wrapper clearfix'>\n<div class=\"flex_column av_one_half  flex_column_div av-zero-column-padding first  avia-builder-el-19  el_before_av_one_half  avia-builder-el-first  \" style='border-radius:0px; '><div  style='padding-bottom:20px; color:#6639b7;font-size:30px;' class='av-special-heading av-special-heading-h1 custom-color-heading blockquote modern-quote  avia-builder-el-20  el_before_av_textblock  avia-builder-el-first  av-inherit-size '><h1 class='av-special-heading-tag '  itemprop=\"headline\"  >BEZPIECZE\u0143STWO<\/h1><div class='special-heading-border'><div class='special-heading-inner-border' style='border-color:#6639b7'><\/div><\/div><\/div><br \/>\n<section class=\"av_textblock_section \"  itemscope=\"itemscope\" itemtype=\"https:\/\/schema.org\/CreativeWork\" ><div class='avia_textblock  av_inherit_color '  style='font-size:16px; color:#666666; '  itemprop=\"text\" ><p>Nasz personel to zesp\u00f3\u0142 profesjonalist\u00f3w, kt\u00f3rzy dbaj\u0105 o bezpiecze\u0144stwo ka\u017cdego uczestnika wspinaczkowej zabawy.<\/p>\n<p>Stosujemy tylko atestowany sprz\u0119t najwy\u017cszej klasy oraz innowacyjne ameryka\u0144skie <strong>urz\u0105dzenia do autoasekuracji TruBlue.<\/strong> Wykorzystuj\u0105 one prze\u0142omowy system magnetycznych hamulc\u00f3w, zapewniaj\u0105c pe\u0142ne bezpiecze\u0144stwo, potwierdzone atestami i zgodno\u015bci\u0105 z normami.<\/p>\n<p>Dlatego skacz\u0105c nawet z najwy\u017cszej przeszkody, zawsze bezpiecznie i lekko wyl\u0105dujesz na ziemi.<\/p>\n<\/div><\/section><\/div><div class=\"flex_column av_one_half  flex_column_div av-zero-column-padding   avia-builder-el-22  el_after_av_one_half  avia-builder-el-last  \" style='border-radius:0px; '><div  class='avia-image-container  av-styling-    avia-builder-el-23  avia-builder-el-no-sibling  avia-align-center '  itemprop=\"image\" itemscope=\"itemscope\" itemtype=\"https:\/\/schema.org\/ImageObject\"  ><div class='avia-image-container-inner'><div class='avia-image-overlay-wrap'><img decoding=\"async\" class='wp-image-1375 avia-img-lazy-loading-not-1375 avia_image' src=\"https:\/\/funclimb.pl\/fc\/wp-content\/uploads\/2016\/02\/bezp_new.jpg\" alt='' title='bezp_new' height=\"709\" width=\"1200\"  itemprop=\"thumbnailUrl\" srcset=\"https:\/\/funclimb.pl\/fc\/wp-content\/uploads\/2016\/02\/bezp_new.jpg 1200w, https:\/\/funclimb.pl\/fc\/wp-content\/uploads\/2016\/02\/bezp_new-300x177.jpg 300w, https:\/\/funclimb.pl\/fc\/wp-content\/uploads\/2016\/02\/bezp_new-768x454.jpg 768w, https:\/\/funclimb.pl\/fc\/wp-content\/uploads\/2016\/02\/bezp_new-1030x609.jpg 1030w, https:\/\/funclimb.pl\/fc\/wp-content\/uploads\/2016\/02\/bezp_new-705x417.jpg 705w, https:\/\/funclimb.pl\/fc\/wp-content\/uploads\/2016\/02\/bezp_new-450x266.jpg 450w\" sizes=\"(max-width: 1200px) 100vw, 1200px\" \/><\/div><\/div><\/div><\/div>\n\n<\/div><\/div><\/div><!-- close content main div --><\/div><\/div><div id='av_section_3'  class='avia-section main_color avia-section-no-padding avia-no-border-styling  avia-bg-style-parallax  avia-builder-el-24  el_after_av_section  el_before_av_section   container_wrap sidebar_right' style=' '  ><div class='container' ><div class='template-page content  av-content-small alpha units'><div class='post-entry post-entry-type-page post-entry-1982'><div class='entry-content-wrapper clearfix'>\n<div class=\"flex_column av_one_half  flex_column_div first  avia-builder-el-25  el_before_av_one_half  avia-builder-el-first  \" style='padding:20px; border-radius:0px; '><section class=\"av_textblock_section \"  itemscope=\"itemscope\" itemtype=\"https:\/\/schema.org\/CreativeWork\" ><div class='avia_textblock  '   itemprop=\"text\" ><p><strong><span style=\"font-size: 18pt; color: #6639b7;\">KONTAKT<\/span><\/strong><\/p>\n<p>Seaside Park Hotel<\/p>\n<p class=\"contact__item-description contact__item-description--margin\">ul. Wschodnia 20, 78-100 Ko\u0142obrzeg<\/p>\n<p class=\"contact__item-description contact__item-description--margin\">tel. 94 333 40 00<\/p>\n<p>e-mail <u><\/u><u><a title=\"\" href=\"mailto:reservation@seasidepark.pl\">reservation@seasidepark.pl<\/a><\/u><\/p>\n<\/div><\/section><\/div><div class=\"flex_column av_one_half  flex_column_div   avia-builder-el-27  el_after_av_one_half  el_before_av_google_map  avia-builder-el-last  \" style='padding:20px; border-radius:0px; '><section class=\"av_textblock_section \"  itemscope=\"itemscope\" itemtype=\"https:\/\/schema.org\/CreativeWork\" ><div class='avia_textblock  '   itemprop=\"text\" ><p><strong><span style=\"font-size: 18pt; color: #6639b7;\">GODZINY OTWARCIA<\/span><br \/>\n<\/strong>Sprawd\u017a szczeg\u00f3\u0142y:<\/p>\n<\/div><\/section><br \/>\n<div  class='avia-button-wrap avia-button-left  avia-builder-el-29  el_after_av_textblock  avia-builder-el-last ' ><a href='https:\/\/seasidepark.pl\/en\/contact-page-210893' class='avia-button  avia-color-theme-color   avia-icon_select-yes-left-icon avia-size-medium avia-position-left ' target=\"_blank\" rel=\"noopener noreferrer\"><span class='avia_button_icon avia_button_icon_left ' aria-hidden='true' data-av_icon='\ue879' data-av_iconfont='entypo-fontello'><\/span><span class='avia_iconbox_title' >SEASIDE PARK HOTEL<\/span><\/a><\/div><\/div><div  class='av_gmaps_sc_main_wrap av_gmaps_main_wrap '><div id='av_gmap_0' class='avia-google-map-container avia-google-map-sc av_gmaps_show_unconditionally av-no-fallback-img ' data-mapid='av_gmap_0'  style='height: 300px;'><a class=\"av_gmaps_browser_disabled av_text_confirm_link av_text_confirm_link_visible\" href=\"https:\/\/www.google.com\/maps\/search\/?api=1&#038;query=Ul.%20Wschodnia%2020%2078-100%20Ko\u0142obrzeg%20%20Polska\" target=\"_blank\" rel=\"noopener\">Maps were disabled by the visitor on this site. Click to open the map in a new window.<\/a><\/div><\/div>\n<div  style='height:50px' class='hr hr-invisible   avia-builder-el-31  el_after_av_google_map  avia-builder-el-no-sibling '><span class='hr-inner ' ><span class='hr-inner-style'><\/span><\/span><\/div>\n\n<\/div><\/div><\/div><!-- close content main div --><\/div><\/div><div id='av_section_4'  class='avia-section main_color avia-section-small avia-no-border-styling  avia-bg-style-parallax  avia-builder-el-32  el_after_av_section  avia-builder-el-last   container_wrap sidebar_right' style='background-color: #6539b7;  '  ><div class='container' ><div class='template-page content  av-content-small alpha units'><div class='post-entry post-entry-type-page post-entry-1982'><div class='entry-content-wrapper clearfix'>\n<div class=\"flex_column av_one_third  flex_column_div av-zero-column-padding first  avia-builder-el-33  el_before_av_one_third  avia-builder-el-first  \" style='border-radius:0px; '><div  class='avia-builder-widget-area clearfix  avia-builder-el-34  avia-builder-el-no-sibling '><div id=\"text-11\" class=\"widget clearfix widget_text\">\t\t\t<div class=\"textwidget\"><p><img decoding=\"async\" loading=\"lazy\" class=\"alignnone wp-image-1455 size-full\" src=\"http:\/\/funclimb.pl\/fc\/wp-content\/uploads\/2017\/04\/logo_poziom_white_full.png\" alt=\"\" width=\"250\" height=\"77\" \/><\/p>\n<\/div>\n\t\t<\/div><\/div><\/div><div class=\"flex_column av_one_third  flex_column_div av-zero-column-padding   avia-builder-el-35  el_after_av_one_third  el_before_av_one_third  \" style='border-radius:0px; '><div  class='avia-builder-widget-area clearfix  avia-builder-el-36  avia-builder-el-no-sibling '><div id=\"text-10\" class=\"widget clearfix widget_text\"><h3 class=\"widgettitle\">Jak Do Nas Trafi\u0107<\/h3>\t\t\t<div class=\"textwidget\"><p><span style=\"color: #ffffff;\">Seaside Park Hotel<\/span><br \/>\n<span style=\"color: #ffffff;\">ul. Wschodnia 20, 78-100 Ko\u0142obrzeg<\/span><\/p>\n<\/div>\n\t\t<\/div><\/div><\/div><div class=\"flex_column av_one_third  flex_column_div av-zero-column-padding   avia-builder-el-37  el_after_av_one_third  avia-builder-el-last  \" style='border-radius:0px; '><div  class='avia-builder-widget-area clearfix  avia-builder-el-38  avia-builder-el-no-sibling '><div id=\"text-9\" class=\"widget clearfix widget_text\"><h3 class=\"widgettitle\">Je\u015bli Masz Pytanie<\/h3>\t\t\t<div class=\"textwidget\"><p><span style=\"color: #ffffff;\">telefon: 94 333 40 00<\/span><br \/>\n<span style=\"color: #ffffff;\"> e-mail: <a style=\"color: #ffffff;\" href=\"mailto:reservation@seasidepark.pl\">reservation@seasidepark.pl<\/a><\/span><\/p>\n<\/div>\n\t\t<\/div><\/div><\/div>\n<\/div><\/div><\/div><!-- close content main div --><\/div><\/div><div id='after_section_4'  class='main_color av_default_container_wrap container_wrap sidebar_right' style=' '  ><div class='container' ><div class='template-page content  av-content-small alpha units'><div class='post-entry post-entry-type-page post-entry-1982'><div class='entry-content-wrapper clearfix'>\n","protected":false},"excerpt":{"rendered":"ZNAJD\u0179 INN\u0104 LOKALIZACJ\u0118 FUN CLIMB Pokonaj grawitacj\u0119!\u015aWIETNA ZABAWAPreviousNext12 Poznaj FUN CLIMB! Strefa wspinaczkowa FUN CLIMB to sport, zabawa i niezapomniane prze\u017cycia. Je\u015bli szukasz miejsca na aktywne sp\u0119dzenie czasu z rodzin\u0105 lub przyjaci\u00f3\u0142mi, FUN CLIMB jest stworzony dla Ciebie! Znajdziesz tutaj wspinaczkowe przeszkody, z kt\u00f3rych ka\u017cda stanowi inne wyzwanie. Wspinaj si\u0119 po\u00a0kolei i\u00a0pokonaj je wszystkie! FUN [...]","protected":false},"author":2,"featured_media":0,"parent":0,"menu_order":0,"comment_status":"closed","ping_status":"open","template":"","meta":{"footnotes":""},"_links":{"self":[{"href":"https:\/\/funclimb.pl\/fc\/wp-json\/wp\/v2\/pages\/1982"}],"collection":[{"href":"https:\/\/funclimb.pl\/fc\/wp-json\/wp\/v2\/pages"}],"about":[{"href":"https:\/\/funclimb.pl\/fc\/wp-json\/wp\/v2\/types\/page"}],"author":[{"embeddable":true,"href":"https:\/\/funclimb.pl\/fc\/wp-json\/wp\/v2\/users\/2"}],"replies":[{"embeddable":true,"href":"https:\/\/funclimb.pl\/fc\/wp-json\/wp\/v2\/comments?post=1982"}],"version-history":[{"count":3,"href":"https:\/\/funclimb.pl\/fc\/wp-json\/wp\/v2\/pages\/1982\/revisions"}],"predecessor-version":[{"id":2001,"href":"https:\/\/funclimb.pl\/fc\/wp-json\/wp\/v2\/pages\/1982\/revisions\/2001"}],"wp:attachment":[{"href":"https:\/\/funclimb.pl\/fc\/wp-json\/wp\/v2\/media?parent=1982"}],"curies":[{"name":"wp","href":"https:\/\/api.w.org\/{rel}","templated":true}]}}